{"id":4316,"date":"2020-03-18T19:08:23","date_gmt":"2020-03-18T18:08:23","guid":{"rendered":"http:\/\/www.poderemarella.com\/product\/fagiolina-del-trasimeno-bio\/"},"modified":"2026-03-31T12:42:28","modified_gmt":"2026-03-31T10:42:28","slug":"fagiolina-del-trasimeno","status":"publish","type":"product","link":"https:\/\/www.poderemarella.com\/it\/prodotto\/fagiolina-del-trasimeno\/","title":{"rendered":"FAGIOLINA DEL TRASIMENO BIO"},"content":{"rendered":"","protected":false},"excerpt":{"rendered":"<p>&nbsp;<\/p>\n<p>&nbsp;<\/p>\n<p>La Fagiolina del Trasimeno \u00e8 un minuscolo fagiolo dalle origini antichissime, oggi Presidio Slowfood. E&#8217; coltivato esclusivamente nelle zone attorno al Lago omonimo e tutte le operazioni &#8211; dalla semina alla raccolta alla battitura &#8211; sono ancora oggi effettuate interamente a mano.<\/p>\n<p>Ha una buccia sottile. In bocca \u00e8 tenera, burrosa e particolarmente saporita.<\/p>\n<p>Rispetto a dei normali fagioli, il contenuto proteico della Fagiolina \u00e8 tra il 5 e il 15% maggiore e la presenza di fibra \u00e8 tra il 30 e il 50% in pi\u00f9. Essendo inoltre ricca di zinco, selenio e vitamina B3, questo legume apporta un prezioso contributo nella nostra dieta.<\/p>\n<p>&nbsp;<\/p>\n<p>&nbsp;<\/p>\n<p>&nbsp;<\/p>\n[button size='medium' style='' text='Scheda prodotto e ricette' icon='' icon_color='' link='https:\/\/www.poderemarella.com\/wp-content\/uploads\/2020\/05\/Fagiolina_ITA-221218.pdf' target='_blank' color='#ffffff' hover_color='#fff' border_color='#8EA15C' hover_border_color='#4E653B' background_color='#8EA15C' hover_background_color='#4E653B' font_style='normal' font_weight='' text_align='' margin='']\n<p>&nbsp;<\/p>\n<p><span style=\"font-size: 16px;\">Spedizione gratuita a partire da \u20ac 150 di spesa<\/span><\/p>\n","protected":false},"featured_media":4630,"template":"","meta":[],"product_brand":[],"product_cat":[96],"product_tag":[],"class_list":{"0":"post-4316","1":"product","2":"type-product","3":"status-publish","4":"has-post-thumbnail","6":"product_cat-altri-prodotti","8":"first","9":"instock","10":"taxable","11":"shipping-taxable","12":"purchasable","13":"product-type-variable","14":"has-default-attributes"},"yoast_head":"<!-- This site is optimized with the Yoast SEO plugin v27.5 - https:\/\/yoast.com\/product\/yoast-seo-wordpress\/ -->\n<title>Fagiolina del Trasimeno Biologica - Azienda Agricola Podere Marella<\/title>\n<meta name=\"description\" content=\"La Fagiolina del Trasimeno Biologica dell&#039;azienda agricola Podere Marella - Presidio Slow Food, tipico della zona del Trasimeno in Umbria.\" \/>\n<meta name=\"robots\" content=\"index, follow, max-snippet:-1, max-image-preview:large, max-video-preview:-1\" \/>\n<link rel=\"canonical\" href=\"https:\/\/www.poderemarella.com\/it\/prodotto\/fagiolina-del-trasimeno\/\" \/>\n<meta property=\"og:locale\" content=\"it_IT\" \/>\n<meta property=\"og:type\" content=\"article\" \/>\n<meta property=\"og:title\" content=\"Fagiolina del Trasimeno Biologica - Azienda Agricola Podere Marella\" \/>\n<meta property=\"og:description\" content=\"La Fagiolina del Trasimeno Biologica dell&#039;azienda agricola Podere Marella - Presidio Slow Food, tipico della zona del Trasimeno in Umbria.\" \/>\n<meta property=\"og:url\" content=\"https:\/\/www.poderemarella.com\/it\/prodotto\/fagiolina-del-trasimeno\/\" \/>\n<meta property=\"og:site_name\" content=\"Podere Marella\" \/>\n<meta property=\"article:modified_time\" content=\"2026-03-31T10:42:28+00:00\" \/>\n<meta property=\"og:image\" content=\"https:\/\/www.poderemarella.com\/wp-content\/uploads\/2020\/03\/Fagiolina-del-trasimeno-2.jpg\" \/>\n\t<meta property=\"og:image:width\" content=\"890\" \/>\n\t<meta property=\"og:image:height\" content=\"1020\" \/>\n\t<meta property=\"og:image:type\" content=\"image\/jpeg\" \/>\n<meta name=\"twitter:card\" content=\"summary_large_image\" \/>\n<meta name=\"twitter:label1\" content=\"Tempo di lettura stimato\" \/>\n\t<meta name=\"twitter:data1\" content=\"1 minuto\" \/>\n<script type=\"application\/ld+json\" class=\"yoast-schema-graph\">{\"@context\":\"https:\\\/\\\/schema.org\",\"@graph\":[{\"@type\":\"WebPage\",\"@id\":\"https:\\\/\\\/www.poderemarella.com\\\/it\\\/prodotto\\\/fagiolina-del-trasimeno\\\/\",\"url\":\"https:\\\/\\\/www.poderemarella.com\\\/it\\\/prodotto\\\/fagiolina-del-trasimeno\\\/\",\"name\":\"Fagiolina del Trasimeno Biologica - Azienda Agricola Podere Marella\",\"isPartOf\":{\"@id\":\"https:\\\/\\\/www.poderemarella.com\\\/it\\\/#website\"},\"primaryImageOfPage\":{\"@id\":\"https:\\\/\\\/www.poderemarella.com\\\/it\\\/prodotto\\\/fagiolina-del-trasimeno\\\/#primaryimage\"},\"image\":{\"@id\":\"https:\\\/\\\/www.poderemarella.com\\\/it\\\/prodotto\\\/fagiolina-del-trasimeno\\\/#primaryimage\"},\"thumbnailUrl\":\"https:\\\/\\\/www.poderemarella.com\\\/wp-content\\\/uploads\\\/2020\\\/03\\\/Fagiolina-del-trasimeno-2.jpg\",\"datePublished\":\"2020-03-18T18:08:23+00:00\",\"dateModified\":\"2026-03-31T10:42:28+00:00\",\"description\":\"La Fagiolina del Trasimeno Biologica dell'azienda agricola Podere Marella - Presidio Slow Food, tipico della zona del Trasimeno in Umbria.\",\"breadcrumb\":{\"@id\":\"https:\\\/\\\/www.poderemarella.com\\\/it\\\/prodotto\\\/fagiolina-del-trasimeno\\\/#breadcrumb\"},\"inLanguage\":\"it-IT\",\"potentialAction\":[{\"@type\":\"ReadAction\",\"target\":[\"https:\\\/\\\/www.poderemarella.com\\\/it\\\/prodotto\\\/fagiolina-del-trasimeno\\\/\"]}]},{\"@type\":\"ImageObject\",\"inLanguage\":\"it-IT\",\"@id\":\"https:\\\/\\\/www.poderemarella.com\\\/it\\\/prodotto\\\/fagiolina-del-trasimeno\\\/#primaryimage\",\"url\":\"https:\\\/\\\/www.poderemarella.com\\\/wp-content\\\/uploads\\\/2020\\\/03\\\/Fagiolina-del-trasimeno-2.jpg\",\"contentUrl\":\"https:\\\/\\\/www.poderemarella.com\\\/wp-content\\\/uploads\\\/2020\\\/03\\\/Fagiolina-del-trasimeno-2.jpg\",\"width\":890,\"height\":1020,\"caption\":\"Fagiolina del trasimeno\"},{\"@type\":\"BreadcrumbList\",\"@id\":\"https:\\\/\\\/www.poderemarella.com\\\/it\\\/prodotto\\\/fagiolina-del-trasimeno\\\/#breadcrumb\",\"itemListElement\":[{\"@type\":\"ListItem\",\"position\":1,\"name\":\"Home\",\"item\":\"https:\\\/\\\/www.poderemarella.com\\\/it\\\/\"},{\"@type\":\"ListItem\",\"position\":2,\"name\":\"Shop tutti i prodotti\",\"item\":\"https:\\\/\\\/www.poderemarella.com\\\/it\\\/shop-tuttiprodotti\\\/\"},{\"@type\":\"ListItem\",\"position\":3,\"name\":\"FAGIOLINA DEL TRASIMENO BIO\"}]},{\"@type\":\"WebSite\",\"@id\":\"https:\\\/\\\/www.poderemarella.com\\\/it\\\/#website\",\"url\":\"https:\\\/\\\/www.poderemarella.com\\\/it\\\/\",\"name\":\"Podere Marella\",\"description\":\"\",\"publisher\":{\"@id\":\"https:\\\/\\\/www.poderemarella.com\\\/it\\\/#organization\"},\"potentialAction\":[{\"@type\":\"SearchAction\",\"target\":{\"@type\":\"EntryPoint\",\"urlTemplate\":\"https:\\\/\\\/www.poderemarella.com\\\/it\\\/?s={search_term_string}\"},\"query-input\":{\"@type\":\"PropertyValueSpecification\",\"valueRequired\":true,\"valueName\":\"search_term_string\"}}],\"inLanguage\":\"it-IT\"},{\"@type\":\"Organization\",\"@id\":\"https:\\\/\\\/www.poderemarella.com\\\/it\\\/#organization\",\"name\":\"Podere Marella\",\"url\":\"https:\\\/\\\/www.poderemarella.com\\\/it\\\/\",\"logo\":{\"@type\":\"ImageObject\",\"inLanguage\":\"it-IT\",\"@id\":\"https:\\\/\\\/www.poderemarella.com\\\/it\\\/#\\\/schema\\\/logo\\\/image\\\/\",\"url\":\"https:\\\/\\\/www.poderemarella.com\\\/wp-content\\\/uploads\\\/2019\\\/11\\\/sito-3.png\",\"contentUrl\":\"https:\\\/\\\/www.poderemarella.com\\\/wp-content\\\/uploads\\\/2019\\\/11\\\/sito-3.png\",\"width\":1000,\"height\":243,\"caption\":\"Podere Marella\"},\"image\":{\"@id\":\"https:\\\/\\\/www.poderemarella.com\\\/it\\\/#\\\/schema\\\/logo\\\/image\\\/\"}}]}<\/script>\n<!-- \/ Yoast SEO plugin. -->","yoast_head_json":{"title":"Fagiolina del Trasimeno Biologica - Azienda Agricola Podere Marella","description":"La Fagiolina del Trasimeno Biologica dell'azienda agricola Podere Marella - Presidio Slow Food, tipico della zona del Trasimeno in Umbria.","robots":{"index":"index","follow":"follow","max-snippet":"max-snippet:-1","max-image-preview":"max-image-preview:large","max-video-preview":"max-video-preview:-1"},"canonical":"https:\/\/www.poderemarella.com\/it\/prodotto\/fagiolina-del-trasimeno\/","og_locale":"it_IT","og_type":"article","og_title":"Fagiolina del Trasimeno Biologica - Azienda Agricola Podere Marella","og_description":"La Fagiolina del Trasimeno Biologica dell'azienda agricola Podere Marella - Presidio Slow Food, tipico della zona del Trasimeno in Umbria.","og_url":"https:\/\/www.poderemarella.com\/it\/prodotto\/fagiolina-del-trasimeno\/","og_site_name":"Podere Marella","article_modified_time":"2026-03-31T10:42:28+00:00","og_image":[{"width":890,"height":1020,"url":"https:\/\/www.poderemarella.com\/wp-content\/uploads\/2020\/03\/Fagiolina-del-trasimeno-2.jpg","type":"image\/jpeg"}],"twitter_card":"summary_large_image","twitter_misc":{"Tempo di lettura stimato":"1 minuto"},"schema":{"@context":"https:\/\/schema.org","@graph":[{"@type":"WebPage","@id":"https:\/\/www.poderemarella.com\/it\/prodotto\/fagiolina-del-trasimeno\/","url":"https:\/\/www.poderemarella.com\/it\/prodotto\/fagiolina-del-trasimeno\/","name":"Fagiolina del Trasimeno Biologica - Azienda Agricola Podere Marella","isPartOf":{"@id":"https:\/\/www.poderemarella.com\/it\/#website"},"primaryImageOfPage":{"@id":"https:\/\/www.poderemarella.com\/it\/prodotto\/fagiolina-del-trasimeno\/#primaryimage"},"image":{"@id":"https:\/\/www.poderemarella.com\/it\/prodotto\/fagiolina-del-trasimeno\/#primaryimage"},"thumbnailUrl":"https:\/\/www.poderemarella.com\/wp-content\/uploads\/2020\/03\/Fagiolina-del-trasimeno-2.jpg","datePublished":"2020-03-18T18:08:23+00:00","dateModified":"2026-03-31T10:42:28+00:00","description":"La Fagiolina del Trasimeno Biologica dell'azienda agricola Podere Marella - Presidio Slow Food, tipico della zona del Trasimeno in Umbria.","breadcrumb":{"@id":"https:\/\/www.poderemarella.com\/it\/prodotto\/fagiolina-del-trasimeno\/#breadcrumb"},"inLanguage":"it-IT","potentialAction":[{"@type":"ReadAction","target":["https:\/\/www.poderemarella.com\/it\/prodotto\/fagiolina-del-trasimeno\/"]}]},{"@type":"ImageObject","inLanguage":"it-IT","@id":"https:\/\/www.poderemarella.com\/it\/prodotto\/fagiolina-del-trasimeno\/#primaryimage","url":"https:\/\/www.poderemarella.com\/wp-content\/uploads\/2020\/03\/Fagiolina-del-trasimeno-2.jpg","contentUrl":"https:\/\/www.poderemarella.com\/wp-content\/uploads\/2020\/03\/Fagiolina-del-trasimeno-2.jpg","width":890,"height":1020,"caption":"Fagiolina del trasimeno"},{"@type":"BreadcrumbList","@id":"https:\/\/www.poderemarella.com\/it\/prodotto\/fagiolina-del-trasimeno\/#breadcrumb","itemListElement":[{"@type":"ListItem","position":1,"name":"Home","item":"https:\/\/www.poderemarella.com\/it\/"},{"@type":"ListItem","position":2,"name":"Shop tutti i prodotti","item":"https:\/\/www.poderemarella.com\/it\/shop-tuttiprodotti\/"},{"@type":"ListItem","position":3,"name":"FAGIOLINA DEL TRASIMENO BIO"}]},{"@type":"WebSite","@id":"https:\/\/www.poderemarella.com\/it\/#website","url":"https:\/\/www.poderemarella.com\/it\/","name":"Podere Marella","description":"","publisher":{"@id":"https:\/\/www.poderemarella.com\/it\/#organization"},"potentialAction":[{"@type":"SearchAction","target":{"@type":"EntryPoint","urlTemplate":"https:\/\/www.poderemarella.com\/it\/?s={search_term_string}"},"query-input":{"@type":"PropertyValueSpecification","valueRequired":true,"valueName":"search_term_string"}}],"inLanguage":"it-IT"},{"@type":"Organization","@id":"https:\/\/www.poderemarella.com\/it\/#organization","name":"Podere Marella","url":"https:\/\/www.poderemarella.com\/it\/","logo":{"@type":"ImageObject","inLanguage":"it-IT","@id":"https:\/\/www.poderemarella.com\/it\/#\/schema\/logo\/image\/","url":"https:\/\/www.poderemarella.com\/wp-content\/uploads\/2019\/11\/sito-3.png","contentUrl":"https:\/\/www.poderemarella.com\/wp-content\/uploads\/2019\/11\/sito-3.png","width":1000,"height":243,"caption":"Podere Marella"},"image":{"@id":"https:\/\/www.poderemarella.com\/it\/#\/schema\/logo\/image\/"}}]}},"_links":{"self":[{"href":"https:\/\/www.poderemarella.com\/it\/wp-json\/wp\/v2\/product\/4316","targetHints":{"allow":["GET"]}}],"collection":[{"href":"https:\/\/www.poderemarella.com\/it\/wp-json\/wp\/v2\/product"}],"about":[{"href":"https:\/\/www.poderemarella.com\/it\/wp-json\/wp\/v2\/types\/product"}],"wp:featuredmedia":[{"embeddable":true,"href":"https:\/\/www.poderemarella.com\/it\/wp-json\/wp\/v2\/media\/4630"}],"wp:attachment":[{"href":"https:\/\/www.poderemarella.com\/it\/wp-json\/wp\/v2\/media?parent=4316"}],"wp:term":[{"taxonomy":"product_brand","embeddable":true,"href":"https:\/\/www.poderemarella.com\/it\/wp-json\/wp\/v2\/product_brand?post=4316"},{"taxonomy":"product_cat","embeddable":true,"href":"https:\/\/www.poderemarella.com\/it\/wp-json\/wp\/v2\/product_cat?post=4316"},{"taxonomy":"product_tag","embeddable":true,"href":"https:\/\/www.poderemarella.com\/it\/wp-json\/wp\/v2\/product_tag?post=4316"}],"curies":[{"name":"wp","href":"https:\/\/api.w.org\/{rel}","templated":true}]}}